{"id":160,"date":"2020-02-29T20:58:50","date_gmt":"2020-02-29T20:58:50","guid":{"rendered":"http:\/\/annusa.themezinho.net\/?page_id=160"},"modified":"2026-04-13T03:25:51","modified_gmt":"2026-04-13T01:25:51","slug":"contacto","status":"publish","type":"page","link":"https:\/\/parabrand.cl\/index.php\/contacto\/","title":{"rendered":"Hola"},"content":{"rendered":"<div class=\"wpb-content-wrapper\"><p>[vc_row motts_theme_padding=\u00bbno\u00bb use_container=\u00bbyes\u00bb css=\u00bb.vc_custom_1583058529830{margin-top: 150px !important;}\u00bb][vc_column][vc_row_inner][vc_column_inner][ts_contact_block animate_block=\u00bbyes\u00bb animation_type=\u00bbfadeIn\u00bb]<small>Address<\/small><\/p>\n<p>Contornio Ave Kunsgatan 4 41247<br \/>\nLuxembord \/ France[\/ts_contact_block][\/vc_column_inner][\/vc_row_inner][vc_row_inner][vc_column_inner width=\u00bb1\/3&#8243;][ts_contact_block animate_block=\u00bbyes\u00bb animation_type=\u00bbfadeIn\u00bb]<small>Tel\u00e9fono<\/small><\/p>\n<p>+569 4505 6368[\/ts_contact_block][\/vc_column_inner][vc_column_inner width=\u00bb1\/3&#8243;][ts_contact_block animate_block=\u00bbyes\u00bb animation_type=\u00bbfadeIn\u00bb animation_delay=\u00bb0.2s\u00bb]<small>Correo<\/small><a href=\"#\">agencia@parabrand.cl<\/a>[\/ts_contact_block][\/vc_column_inner][vc_column_inner width=\u00bb1\/3&#8243;][ts_contact_block animate_block=\u00bbyes\u00bb animation_type=\u00bbfadeIn\u00bb animation_delay=\u00bb0.4s\u00bb]<small>Career<\/small><a href=\"#\">career[at]annusa.net<\/a>[\/ts_contact_block][\/vc_column_inner][\/vc_row_inner][vc_row_inner][vc_column_inner][ts_google_map animate_block=\u00bbyes\u00bb animation_type=\u00bbfadeIn\u00bb text_content=\u00bb<\/p>\n<h6>Direction<\/h6>\n<p>To reach our office follow right side of bakery after turn left and follow to big plaza.\u00bb iframe_url=\u00bbhttps:\/\/www.google.com\/maps\/embed?pb=!1m18!1m12!1m3!1d3324.366687380911!2d-70.56868832344539!3d-33.56982737334246!2m3!1f0!2f0!3f0!3m2!1i1024!2i768!4f13.1!3m3!1m2!1s0x9662d6d0e3c11c77%3A0xc03adc6e5a2b0241!2sAv.%20M%C3%A9xico%203779%2C%208220825%20Puente%20Alto%2C%20Regi%C3%B3n%20Metropolitana!5e0!3m2!1ses-419!2scl!4v1775889698302!5m2!1ses-419!2scl\u00ab width=\u00ab600\u00ab height=\u00ab450\u00ab style=\u00abborder:0;\u00ab allowfullscreen=\u00ab\u00ab loading=\u00ablazy\u00ab referrerpolicy=\u00abno-referrer-when-downgrade\u00ab>\u00bb]<\/p>\n<h6>Direcci\u00f3n<\/h6>\n<p>Cu\u00e9ntanos en qu\u00e9 est\u00e1s pensando. Nosotros te ayudamos a darle forma estrat\u00e9gica.[\/ts_google_map][\/vc_column_inner][\/vc_row_inner][\/vc_column][\/vc_row][vc_row content_placement=\u00bbmiddle\u00bb motts_theme_padding=\u00bbno\u00bb use_container=\u00bbyes\u00bb css=\u00bb.vc_custom_1583314872076{margin-bottom: 150px !important;}\u00bb][vc_column width=\u00bb1\/2&#8243;]\n<div class=\"wpcf7 no-js\" id=\"wpcf7-f5-o1\" lang=\"es-ES\" dir=\"ltr\" data-wpcf7-id=\"5\">\n<div class=\"screen-reader-response\"><p role=\"status\" aria-live=\"polite\" aria-atomic=\"true\"><\/p> <ul><\/ul><\/div>\n<form action=\"\/index.php\/wp-json\/wp\/v2\/pages\/160#wpcf7-f5-o1\" method=\"post\" class=\"wpcf7-form init\" aria-label=\"Formulario de contacto\" novalidate=\"novalidate\" data-status=\"init\">\n<fieldset class=\"hidden-fields-container\"><input type=\"hidden\" name=\"_wpcf7\" value=\"5\" \/><input type=\"hidden\" name=\"_wpcf7_version\" value=\"6.1.5\" \/><input type=\"hidden\" name=\"_wpcf7_locale\" value=\"es_ES\" \/><input type=\"hidden\" name=\"_wpcf7_unit_tag\" value=\"wpcf7-f5-o1\" \/><input type=\"hidden\" name=\"_wpcf7_container_post\" value=\"0\" \/><input type=\"hidden\" name=\"_wpcf7_posted_data_hash\" value=\"\" \/>\n<\/fieldset>\n<p><label> Tu nombre<br \/>\n<span class=\"wpcf7-form-control-wrap\" data-name=\"your-name\"><input size=\"40\" maxlength=\"400\" class=\"wpcf7-form-control wpcf7-text wpcf7-validates-as-required\" autocomplete=\"name\" aria-required=\"true\" aria-invalid=\"false\" value=\"\" type=\"text\" name=\"your-name\" \/><\/span> <\/label>\n<\/p>\n<p><label> Tu correo electr\u00f3nico<br \/>\n<span class=\"wpcf7-form-control-wrap\" data-name=\"your-email\"><input size=\"40\" maxlength=\"400\" class=\"wpcf7-form-control wpcf7-email wpcf7-validates-as-required wpcf7-text wpcf7-validates-as-email\" autocomplete=\"email\" aria-required=\"true\" aria-invalid=\"false\" value=\"\" type=\"email\" name=\"your-email\" \/><\/span> <\/label>\n<\/p>\n<p><label> Asunto<br \/>\n<span class=\"wpcf7-form-control-wrap\" data-name=\"your-subject\"><input size=\"40\" maxlength=\"400\" class=\"wpcf7-form-control wpcf7-text wpcf7-validates-as-required\" aria-required=\"true\" aria-invalid=\"false\" value=\"\" type=\"text\" name=\"your-subject\" \/><\/span> <\/label>\n<\/p>\n<p><label> Tu mensaje (opcional)<br \/>\n<span class=\"wpcf7-form-control-wrap\" data-name=\"your-message\"><textarea cols=\"40\" rows=\"10\" maxlength=\"2000\" class=\"wpcf7-form-control wpcf7-textarea\" aria-invalid=\"false\" name=\"your-message\"><\/textarea><\/span> <\/label>\n<\/p>\n<p><input class=\"wpcf7-form-control wpcf7-submit has-spinner\" type=\"submit\" value=\"Enviar\" \/>\n<\/p><div class=\"wpcf7-response-output\" aria-hidden=\"true\"><\/div>\n<\/form>\n<\/div>\n[\/vc_column][vc_column offset=\u00bbvc_col-lg-offset-1 vc_col-lg-5&#8243;][ts_image animate_block=\u00bbyes\u00bb animation_type=\u00bbfadeIn\u00bb image=\u00bb197&#8243;][\/vc_column][\/vc_row]<\/p>\n<\/div>","protected":false},"excerpt":{"rendered":"<p>[vc_row motts_theme_padding=\u00bbno\u00bb use_container=\u00bbyes\u00bb css=\u00bb.vc_custom_1583058529830{margin-top: 150px !important;}\u00bb][vc_column][vc_row_inner][vc_column_inner][ts_contact_block animate_block=\u00bbyes\u00bb animation_type=\u00bbfadeIn\u00bb]Address Contornio Ave Kunsgatan 4 41247 Luxembord \/ France[\/ts_contact_block][\/vc_column_inner][\/vc_row_inner][vc_row_inner][vc_column_inner width=\u00bb1\/3&#8243;][ts_contact_block animate_block=\u00bbyes\u00bb animation_type=\u00bbfadeIn\u00bb]Tel\u00e9fono +569 4505 6368[\/ts_contact_block][\/vc_column_inner][vc_column_inner width=\u00bb1\/3&#8243;][ts_contact_block animate_block=\u00bbyes\u00bb animation_type=\u00bbfadeIn\u00bb animation_delay=\u00bb0.2s\u00bb]Correoagencia@parabrand.cl[\/ts_contact_block][\/vc_column_inner][vc_column_inner width=\u00bb1\/3&#8243;][ts_contact_block animate_block=\u00bbyes\u00bb animation_type=\u00bbfadeIn\u00bb animation_delay=\u00bb0.4s\u00bb]Careercareer[at]annusa.net[\/ts_contact_block][\/vc_column_inner][\/vc_row_inner][vc_row_inner][vc_column_inner][ts_google_map animate_block=\u00bbyes\u00bb animation_type=\u00bbfadeIn\u00bb text_content=\u00bb Direction To reach our office follow right side of bakery after turn left and follow to big plaza.\u00bb iframe_url=\u00bbhttps:\/\/www.google.com\/maps\/embed?pb=!1m18!1m12!1m3!1d3324.366687380911!2d-70.56868832344539!3d-33.56982737334246!2m3!1f0!2f0!3f0!3m2!1i1024!2i768!4f13.1!3m3!1m2!1s0x9662d6d0e3c11c77%3A0xc03adc6e5a2b0241!2sAv.%20M%C3%A9xico%203779%2C%208220825%20Puente%20Alto%2C%20Regi%C3%B3n%20Metropolitana!5e0!3m2!1ses-419!2scl!4v1775889698302!5m2!1ses-419!2scl\u00ab width=\u00ab600\u00ab height=\u00ab450\u00ab style=\u00abborder:0;\u00ab [&hellip;]<\/p>\n","protected":false},"author":1,"featured_media":0,"parent":0,"menu_order":0,"comment_status":"closed","ping_status":"closed","template":"","meta":{"footnotes":""},"class_list":["post-160","page","type-page","status-publish","hentry"],"acf":[],"_links":{"self":[{"href":"https:\/\/parabrand.cl\/index.php\/wp-json\/wp\/v2\/pages\/160","targetHints":{"allow":["GET"]}}],"collection":[{"href":"https:\/\/parabrand.cl\/index.php\/wp-json\/wp\/v2\/pages"}],"about":[{"href":"https:\/\/parabrand.cl\/index.php\/wp-json\/wp\/v2\/types\/page"}],"author":[{"embeddable":true,"href":"https:\/\/parabrand.cl\/index.php\/wp-json\/wp\/v2\/users\/1"}],"replies":[{"embeddable":true,"href":"https:\/\/parabrand.cl\/index.php\/wp-json\/wp\/v2\/comments?post=160"}],"version-history":[{"count":7,"href":"https:\/\/parabrand.cl\/index.php\/wp-json\/wp\/v2\/pages\/160\/revisions"}],"predecessor-version":[{"id":350,"href":"https:\/\/parabrand.cl\/index.php\/wp-json\/wp\/v2\/pages\/160\/revisions\/350"}],"wp:attachment":[{"href":"https:\/\/parabrand.cl\/index.php\/wp-json\/wp\/v2\/media?parent=160"}],"curies":[{"name":"wp","href":"https:\/\/api.w.org\/{rel}","templated":true}]}}